{"id":7129,"date":"2026-04-15T09:29:26","date_gmt":"2026-04-15T13:29:26","guid":{"rendered":"https:\/\/www.portquebec.ca\/innovation\/notre-role\/"},"modified":"2026-04-28T09:25:32","modified_gmt":"2026-04-28T13:25:32","slug":"our-role","status":"publish","type":"page","link":"https:\/\/www.portquebec.ca\/en\/innovation\/our-role\/","title":{"rendered":"Our Role"},"content":{"rendered":"    \n        <div class=\"item component-text-img-patterns component-text-img-patterns--bg-white\">\n            <div class=\"block-text-img-patterns block-text-img-patterns--is-reverse\">\n                <div class=\"container\">\n                    <div class=\"block-text-img-patterns__row block-text-img-patterns__row--block-gutenberg\">\n                        <div class=\"block-text-img-patterns__col block-text-img-patterns__col--text  block-text-img-patterns__col--center\">\n\n                            <h2 class=\"h3 block-text-img-patterns__title\">Our Commitment<\/h2>\n\n                                                        <div class=\"block-text-img-patterns__desc wysiwyg\">\n                                <p>The Port of Qu\u00e9bec offers a platform for developing, testing, and implementing innovative solutions. As an innovation lab, the Port makes its land, its infrastructure, and its expertise available to support research and entrepreneurship.<\/p>\n\n                            <\/div>\n                            \n                                                    <\/div>\n\n                                                    <div class=\"block-text-img-patterns__col block-text-img-patterns__col--img\">\n                                <div class=\"block-text-img-patterns__image\">\n                                    <figure class=\"block-text-img-patterns__round block-text-img-patterns__round--center\">\n                                                                                <img loading=\"lazy\" decoding=\"async\" width=\"922\" height=\"922\" src=\"https:\/\/www.portquebec.ca\/wp-content\/uploads\/2026\/03\/travailleurs.webp\" class=\"main-image\" alt=\"Deux travailleurs en casque et gilet de s\u00e9curit\u00e9 inspectant un chantier avec un clipboard pr\u00e8s de l\u2019eau.\" srcset=\"https:\/\/www.portquebec.ca\/wp-content\/uploads\/2026\/03\/travailleurs.webp 922w, https:\/\/www.portquebec.ca\/wp-content\/uploads\/2026\/03\/travailleurs-768x768.webp 768w, https:\/\/www.portquebec.ca\/wp-content\/uploads\/2026\/03\/travailleurs-240x240.webp 240w, https:\/\/www.portquebec.ca\/wp-content\/uploads\/2026\/03\/travailleurs-450x450.webp 450w, https:\/\/www.portquebec.ca\/wp-content\/uploads\/2026\/03\/travailleurs-400x400.webp 400w, https:\/\/www.portquebec.ca\/wp-content\/uploads\/2026\/03\/travailleurs-300x300.webp 300w, https:\/\/www.portquebec.ca\/wp-content\/uploads\/2026\/03\/travailleurs-800x800.webp 800w, https:\/\/www.portquebec.ca\/wp-content\/uploads\/2026\/03\/travailleurs-100x100.webp 100w, https:\/\/www.portquebec.ca\/wp-content\/uploads\/2026\/03\/travailleurs-200x200.webp 200w\" sizes=\"auto, (max-width: 922px) 100vw, 922px\" \/>\n                                    <\/figure>\n\n                                                                            <div class=\"block-text-img-patterns__patterns\" style=\"background-image:url(https:\/\/www.portquebec.ca\/wp-content\/themes\/ixtheme\/assets\/images\/variante-3.svg)\"><\/div>\n                                                                    <\/div>\n\n                                                                                                                                <\/div>\n                                            <\/div>\n                <\/div>\n            <\/div>\n        <\/div>\n\n    \n\n<div class=\"item wysiwyg component-heading js-anim js-anim-scroll-top\"  ><div class=\"container\">\n<h2 class=\"wp-block-heading is-style-h3\"><strong>Our Objectives<\/strong><\/h2>\n<\/div><\/div>\n\n<div class=\"item wysiwyg component-list js-anim js-anim-scroll-top\"  ><div class=\"container\">\n<ul class=\"wp-block-list is-style-default\">\n<li>Support research and entrepreneurship<\/li>\n\n\n\n<li>Tackle critical port challenges<\/li>\n\n\n\n<li>Shine a spotlight on the port and maritime sectors within the innovation ecosystem<\/li>\n<\/ul>\n<\/div><\/div>\n\n<div class=\"item wysiwyg component-paragraph js-anim js-anim-scroll-top\"  ><div class=\"container\">\n<p><\/p>\n<\/div><\/div>","protected":false},"excerpt":{"rendered":"Our Objectives","protected":false},"author":1,"featured_media":0,"parent":2860,"menu_order":0,"comment_status":"closed","ping_status":"closed","template":"","meta":{"_acf_changed":false,"footnotes":""},"class_list":["post-7129","page","type-page","status-publish","hentry"],"acf":[],"yoast_head":"<!-- This site is optimized with the Yoast SEO plugin v26.5 - https:\/\/yoast.com\/wordpress\/plugins\/seo\/ -->\n<title>Our Role - Port of Quebec<\/title>\n<meta name=\"robots\" content=\"index, follow, max-snippet:-1, max-image-preview:large, max-video-preview:-1\" \/>\n<link rel=\"canonical\" href=\"https:\/\/www.portquebec.ca\/en\/innovation\/our-role\/\" \/>\n<meta property=\"og:locale\" content=\"en_US\" \/>\n<meta property=\"og:type\" content=\"article\" \/>\n<meta property=\"og:title\" content=\"Our Role - Port of Quebec\" \/>\n<meta property=\"og:description\" content=\"Our Objectives\" \/>\n<meta property=\"og:url\" content=\"https:\/\/www.portquebec.ca\/en\/innovation\/our-role\/\" \/>\n<meta property=\"og:site_name\" content=\"Port of Quebec\" \/>\n<meta property=\"article:modified_time\" content=\"2026-04-28T13:25:32+00:00\" \/>\n<meta property=\"og:image\" content=\"https:\/\/www.portquebec.ca\/wp-content\/uploads\/2024\/12\/Slogan_illustration-scaled.jpg\" \/>\n\t<meta property=\"og:image:width\" content=\"2560\" \/>\n\t<meta property=\"og:image:height\" content=\"1463\" \/>\n\t<meta property=\"og:image:type\" content=\"image\/jpeg\" \/>\n<meta name=\"twitter:card\" content=\"summary_large_image\" \/>\n<meta name=\"twitter:label1\" content=\"Est. reading time\" \/>\n\t<meta name=\"twitter:data1\" content=\"1 minute\" \/>\n<script type=\"application\/ld+json\" class=\"yoast-schema-graph\">{\"@context\":\"https:\/\/schema.org\",\"@graph\":[{\"@type\":\"WebPage\",\"@id\":\"https:\/\/www.portquebec.ca\/en\/innovation\/our-role\/\",\"url\":\"https:\/\/www.portquebec.ca\/en\/innovation\/our-role\/\",\"name\":\"Our Role - Port of Quebec\",\"isPartOf\":{\"@id\":\"https:\/\/www.portquebec.ca\/#website\"},\"datePublished\":\"2026-04-15T13:29:26+00:00\",\"dateModified\":\"2026-04-28T13:25:32+00:00\",\"breadcrumb\":{\"@id\":\"https:\/\/www.portquebec.ca\/en\/innovation\/our-role\/#breadcrumb\"},\"inLanguage\":\"en-US\",\"potentialAction\":[{\"@type\":\"ReadAction\",\"target\":[\"https:\/\/www.portquebec.ca\/en\/innovation\/our-role\/\"]}]},{\"@type\":\"BreadcrumbList\",\"@id\":\"https:\/\/www.portquebec.ca\/en\/innovation\/our-role\/#breadcrumb\",\"itemListElement\":[{\"@type\":\"ListItem\",\"position\":1,\"name\":\"Home\",\"item\":\"https:\/\/www.portquebec.ca\/en\/\"},{\"@type\":\"ListItem\",\"position\":2,\"name\":\"Innovation\",\"item\":\"https:\/\/www.portquebec.ca\/en\/innovation\/\"},{\"@type\":\"ListItem\",\"position\":3,\"name\":\"Our Role\"}]},{\"@type\":\"WebSite\",\"@id\":\"https:\/\/www.portquebec.ca\/#website\",\"url\":\"https:\/\/www.portquebec.ca\/\",\"name\":\"Port of Quebec\",\"description\":\"Un site qui traite du Port de Qu\u00e9bec\",\"publisher\":{\"@id\":\"https:\/\/www.portquebec.ca\/#organization\"},\"alternateName\":\"APQ\",\"potentialAction\":[{\"@type\":\"SearchAction\",\"target\":{\"@type\":\"EntryPoint\",\"urlTemplate\":\"https:\/\/www.portquebec.ca\/?s={search_term_string}\"},\"query-input\":{\"@type\":\"PropertyValueSpecification\",\"valueRequired\":true,\"valueName\":\"search_term_string\"}}],\"inLanguage\":\"en-US\"},{\"@type\":\"Organization\",\"@id\":\"https:\/\/www.portquebec.ca\/#organization\",\"name\":\"Port of Quebec\",\"url\":\"https:\/\/www.portquebec.ca\/\",\"logo\":{\"@type\":\"ImageObject\",\"inLanguage\":\"en-US\",\"@id\":\"https:\/\/www.portquebec.ca\/#\/schema\/logo\/image\/\",\"url\":\"https:\/\/www.portquebec.ca\/wp-content\/uploads\/2024\/12\/android-chrome-512x512-1.png\",\"contentUrl\":\"https:\/\/www.portquebec.ca\/wp-content\/uploads\/2024\/12\/android-chrome-512x512-1.png\",\"width\":512,\"height\":512,\"caption\":\"Port of Quebec\"},\"image\":{\"@id\":\"https:\/\/www.portquebec.ca\/#\/schema\/logo\/image\/\"}}]}<\/script>\n<!-- \/ Yoast SEO plugin. -->","yoast_head_json":{"title":"Our Role - Port of Quebec","robots":{"index":"index","follow":"follow","max-snippet":"max-snippet:-1","max-image-preview":"max-image-preview:large","max-video-preview":"max-video-preview:-1"},"canonical":"https:\/\/www.portquebec.ca\/en\/innovation\/our-role\/","og_locale":"en_US","og_type":"article","og_title":"Our Role - Port of Quebec","og_description":"Our Objectives","og_url":"https:\/\/www.portquebec.ca\/en\/innovation\/our-role\/","og_site_name":"Port of Quebec","article_modified_time":"2026-04-28T13:25:32+00:00","og_image":[{"width":2560,"height":1463,"url":"https:\/\/www.portquebec.ca\/wp-content\/uploads\/2024\/12\/Slogan_illustration-scaled.jpg","type":"image\/jpeg"}],"twitter_card":"summary_large_image","twitter_misc":{"Est. reading time":"1 minute"},"schema":{"@context":"https:\/\/schema.org","@graph":[{"@type":"WebPage","@id":"https:\/\/www.portquebec.ca\/en\/innovation\/our-role\/","url":"https:\/\/www.portquebec.ca\/en\/innovation\/our-role\/","name":"Our Role - Port of Quebec","isPartOf":{"@id":"https:\/\/www.portquebec.ca\/#website"},"datePublished":"2026-04-15T13:29:26+00:00","dateModified":"2026-04-28T13:25:32+00:00","breadcrumb":{"@id":"https:\/\/www.portquebec.ca\/en\/innovation\/our-role\/#breadcrumb"},"inLanguage":"en-US","potentialAction":[{"@type":"ReadAction","target":["https:\/\/www.portquebec.ca\/en\/innovation\/our-role\/"]}]},{"@type":"BreadcrumbList","@id":"https:\/\/www.portquebec.ca\/en\/innovation\/our-role\/#breadcrumb","itemListElement":[{"@type":"ListItem","position":1,"name":"Home","item":"https:\/\/www.portquebec.ca\/en\/"},{"@type":"ListItem","position":2,"name":"Innovation","item":"https:\/\/www.portquebec.ca\/en\/innovation\/"},{"@type":"ListItem","position":3,"name":"Our Role"}]},{"@type":"WebSite","@id":"https:\/\/www.portquebec.ca\/#website","url":"https:\/\/www.portquebec.ca\/","name":"Port of Quebec","description":"Un site qui traite du Port de Qu\u00e9bec","publisher":{"@id":"https:\/\/www.portquebec.ca\/#organization"},"alternateName":"APQ","potentialAction":[{"@type":"SearchAction","target":{"@type":"EntryPoint","urlTemplate":"https:\/\/www.portquebec.ca\/?s={search_term_string}"},"query-input":{"@type":"PropertyValueSpecification","valueRequired":true,"valueName":"search_term_string"}}],"inLanguage":"en-US"},{"@type":"Organization","@id":"https:\/\/www.portquebec.ca\/#organization","name":"Port of Quebec","url":"https:\/\/www.portquebec.ca\/","logo":{"@type":"ImageObject","inLanguage":"en-US","@id":"https:\/\/www.portquebec.ca\/#\/schema\/logo\/image\/","url":"https:\/\/www.portquebec.ca\/wp-content\/uploads\/2024\/12\/android-chrome-512x512-1.png","contentUrl":"https:\/\/www.portquebec.ca\/wp-content\/uploads\/2024\/12\/android-chrome-512x512-1.png","width":512,"height":512,"caption":"Port of Quebec"},"image":{"@id":"https:\/\/www.portquebec.ca\/#\/schema\/logo\/image\/"}}]}},"_links":{"self":[{"href":"https:\/\/www.portquebec.ca\/en\/wp-json\/wp\/v2\/pages\/7129","targetHints":{"allow":["GET"]}}],"collection":[{"href":"https:\/\/www.portquebec.ca\/en\/wp-json\/wp\/v2\/pages"}],"about":[{"href":"https:\/\/www.portquebec.ca\/en\/wp-json\/wp\/v2\/types\/page"}],"author":[{"embeddable":true,"href":"https:\/\/www.portquebec.ca\/en\/wp-json\/wp\/v2\/users\/1"}],"replies":[{"embeddable":true,"href":"https:\/\/www.portquebec.ca\/en\/wp-json\/wp\/v2\/comments?post=7129"}],"version-history":[{"count":1,"href":"https:\/\/www.portquebec.ca\/en\/wp-json\/wp\/v2\/pages\/7129\/revisions"}],"predecessor-version":[{"id":7134,"href":"https:\/\/www.portquebec.ca\/en\/wp-json\/wp\/v2\/pages\/7129\/revisions\/7134"}],"up":[{"embeddable":true,"href":"https:\/\/www.portquebec.ca\/en\/wp-json\/wp\/v2\/pages\/2860"}],"wp:attachment":[{"href":"https:\/\/www.portquebec.ca\/en\/wp-json\/wp\/v2\/media?parent=7129"}],"curies":[{"name":"wp","href":"https:\/\/api.w.org\/{rel}","templated":true}]}}