{"id":2883,"date":"2024-06-26T07:10:03","date_gmt":"2024-06-26T11:10:03","guid":{"rendered":"https:\/\/www.portquebec.ca\/?page_id=2883"},"modified":"2024-12-06T09:47:45","modified_gmt":"2024-12-06T14:47:45","slug":"sustainable-practices","status":"publish","type":"page","link":"https:\/\/www.portquebec.ca\/en\/cruises\/cruise-line\/sustainable-practices\/","title":{"rendered":"Sustainable Development Practices for Cruises"},"content":{"rendered":"<div class=\"item wysiwyg component-paragraph js-anim js-anim-scroll-top\"  ><div class=\"container\">\n<p class=\"is-style-text-large\">For the Port of Qu\u00e9bec, developing the cruise industry in a responsible and sustainable way is a priority. That\u2019s why we\u2019ve implemented a number of sustainable cruise development practices in recent years.<\/p>\n<\/div><\/div>\n\n<div class=\"item wysiwyg component-paragraph js-anim js-anim-scroll-top\"  ><div class=\"container\">\n<p>Our goal is to reduce GHGs and criteria air contaminants from cruise ships by at least 50% by 2030, which is conditional on acquiring provincial and federal government funding as well as the necessary electrical power.<\/p>\n<\/div><\/div>\n\n<div class=\"item wysiwyg component-heading js-anim js-anim-scroll-top\"  ><div class=\"container\">\n<h2 class=\"wp-block-heading\"><strong>Some examples of sustainable cruise development practices implemented by the Port of Qu\u00e9bec<\/strong><\/h2>\n<\/div><\/div>\n\n<div class=\"item wysiwyg component-list js-anim js-anim-scroll-top\"  ><div class=\"container\">\n<ul class=\"wp-block-list\">\n<li>Implementing a shore power project<\/li>\n\n\n\n<li>Working with cruise lines for a more sustainable industry<\/li>\n\n\n\n<li>Encouraging cruise passengers to explore different areas of the city to prevent overcrowding in central districts<\/li>\n\n\n\n<li>Ensuring local employment<\/li>\n\n\n\n<li>Creating beneficial experiences for residents and visitors alike by limiting the number of passengers the Port handles each day<\/li>\n\n\n\n<li>Promoting regional economic spin-offs<\/li>\n<\/ul>\n<\/div><\/div>\n\n<div class=\"item wysiwyg component-heading js-anim js-anim-scroll-top\"  ><div class=\"container\">\n<h2 class=\"wp-block-heading\"><strong>Actions anchored in the community<\/strong><\/h2>\n<\/div><\/div>\n\n<div class=\"item wysiwyg component-list js-anim js-anim-scroll-top\"  ><div class=\"container\">\n<ul class=\"wp-block-list\">\n<li>Using the <a href=\"https:\/\/jeparticipe.portquebec.ca\/\" target=\"_blank\" rel=\"noreferrer noopener\">Je Participe<\/a> platform to dialogue with the community<\/li>\n\n\n\n<li>Getting involved in citizen committees<\/li>\n\n\n\n<li>Creating an ambitious sustainable development plan<\/li>\n\n\n\n<li>Holding the Forum sur les croisi\u00e8res internationales de Qu\u00e9bec<\/li>\n<\/ul>\n<\/div><\/div>\n\n\t<div class=\"item component-text-full-width\">\n\t\t<div class=\"container container--large\">\n\t\t\t<div class=\"block-text-full-width\">\n\t\t\t\t<h2 class=\"h4 block-text-full-width__title\">Shore power at the Port of Qu\u00e9bec <\/h2>\n\t\t\t\t\t\t\t\t\t<div class=\"block-text-full-width__grid\">\n\t\t\t\t\t\t<div class=\"wysiwyg\">\n\t\t\t\t\t\t\t<p>The Port of Qu\u00e9bec has begun the process of supplying electricity to cruise ships at wharves 21, 22, and 30 to limit noise pollution and, above all, greatly reduce flue gas emissions. Connecting ships to onshore power grids eliminates up to 90% of flue gas emissions during the ship\u2019s stay in port.<\/p>\n\n\t\t\t\t\t\t<\/div>\n\t\t\t\t\t\t<div class=\"wysiwyg\">\n\t\t\t\t\t\t\t<p>A feasibility study and discussions with Hydro-Qu\u00e9bec are underway. Quotes have also been requested for the equipment that shore power will require.<\/p>\n\n\t\t\t\t\t\t<\/div>\n\t\t\t\t\t<\/div>\n\t\t\t\t\t\t\t<\/div>\n\t\t<\/div>\n\t<\/div>\n\n\n<div class=\"item wysiwyg component-heading js-anim js-anim-scroll-top\"  ><div class=\"container\">\n<h2 class=\"wp-block-heading\"><strong>Forum sur les croisi\u00e8res internationales de Qu\u00e9bec<\/strong><\/h2>\n<\/div><\/div>\n\n<div class=\"item wysiwyg component-paragraph js-anim js-anim-scroll-top\"  ><div class=\"container\">\n<p>Every year, the Port of Qu\u00e9bec organizes the Forum sur les croisi\u00e8res internationales de Qu\u00e9bec, an international cruise forum. It brings together over a hundred people from the tourism and port sectors, as well as citizen groups and community members. Participants meet for conferences and workshops, during which they come up with creative solutions to the future needs of the cruise industry. The forum aims to improve practices by prioritizing responsible, coordinated, and sustainable development of the destination.<\/p>\n<\/div><\/div>\n\n<div class=\"item wysiwyg component-heading js-anim js-anim-scroll-top\"  ><div class=\"container\">\n<h2 class=\"wp-block-heading\">The Port of Qu\u00e9bec, a leader in sustainable cruise development practices<\/h2>\n<\/div><\/div>\n\n<div class=\"item wysiwyg component-columns js-anim js-anim-scroll-top\"  ><div class=\"container\">\n<div class=\"wp-block-columns is-layout-flex wp-container-core-columns-is-layout-9d6595d7 wp-block-columns-is-layout-flex\">\n<div class=\"wp-block-column is-layout-flow wp-block-column-is-layout-flow\"><div class=\"item wysiwyg component-paragraph js-anim js-anim-scroll-top\"  ><div class=\"container\">\n<p>Since 2014, the Port has chosen to limit the number of passengers per day to 15,000 and to only allow two embarkation\/disembarkation processes at the same time.<\/p>\n<\/div><\/div><\/div>\n\n\n\n<div class=\"wp-block-column is-layout-flow wp-block-column-is-layout-flow\"><div class=\"item wysiwyg component-paragraph js-anim js-anim-scroll-top\"  ><div class=\"container\">\n<p>The Port also works with cruise lines before the season begins to spread traffic out as evenly as possible.<br>Finally, on busy days, the Port of Qu\u00e9bec works with the special events coordination centre to manage traffic.<\/p>\n<\/div><\/div><\/div>\n<\/div>\n<\/div><\/div>\n\n<div class=\"item wysiwyg component-paragraph js-anim js-anim-scroll-top\"  ><div class=\"container\">\n<p class=\"is-style-text-large\">The Port of Qu\u00e9bec is also a member of organizations that make sustainable development a key priority:<\/p>\n<\/div><\/div>\n\n<div class=\"item wysiwyg component-columns js-anim js-anim-scroll-top\"  ><div class=\"container\">\n<div class=\"wp-block-columns is-layout-flex wp-container-core-columns-is-layout-9d6595d7 wp-block-columns-is-layout-flex\">\n<div class=\"wp-block-column is-layout-flow wp-block-column-is-layout-flow\"><div class=\"wp-block-image\"><div class=\"item wysiwyg component-image js-anim js-anim-scroll-top\"  ><div class=\"container\">\n<figure class=\"aligncenter size-full is-resized\"><a href=\"https:\/\/www.aivp.org\/en\/ \"><img loading=\"lazy\" decoding=\"async\" width=\"900\" height=\"900\" src=\"https:\/\/www.portquebec.ca\/wp-content\/uploads\/2024\/12\/channels4_profile.jpg\" alt=\"\" class=\"wp-image-4774\" style=\"width:200px\" srcset=\"https:\/\/www.portquebec.ca\/wp-content\/uploads\/2024\/12\/channels4_profile.jpg 900w, https:\/\/www.portquebec.ca\/wp-content\/uploads\/2024\/12\/channels4_profile-768x768.jpg 768w, https:\/\/www.portquebec.ca\/wp-content\/uploads\/2024\/12\/channels4_profile-240x240.jpg 240w, https:\/\/www.portquebec.ca\/wp-content\/uploads\/2024\/12\/channels4_profile-450x450.jpg 450w, https:\/\/www.portquebec.ca\/wp-content\/uploads\/2024\/12\/channels4_profile-400x400.jpg 400w, https:\/\/www.portquebec.ca\/wp-content\/uploads\/2024\/12\/channels4_profile-300x300.jpg 300w, https:\/\/www.portquebec.ca\/wp-content\/uploads\/2024\/12\/channels4_profile-800x800.jpg 800w, https:\/\/www.portquebec.ca\/wp-content\/uploads\/2024\/12\/channels4_profile-100x100.jpg 100w, https:\/\/www.portquebec.ca\/wp-content\/uploads\/2024\/12\/channels4_profile-200x200.jpg 200w\" sizes=\"auto, (max-width: 900px) 100vw, 900px\" \/><\/a><\/figure>\n<\/div><\/div><\/div><\/div>\n\n\n\n<div class=\"wp-block-column is-layout-flow wp-block-column-is-layout-flow\"><div class=\"wp-block-image\"><div class=\"item wysiwyg component-image js-anim js-anim-scroll-top\"  ><div class=\"container\">\n<figure class=\"aligncenter size-full is-resized\"><a href=\"https:\/\/green-marine.org\/\"><img loading=\"lazy\" decoding=\"async\" width=\"800\" height=\"600\" src=\"https:\/\/www.portquebec.ca\/wp-content\/uploads\/2024\/12\/GreenMarine_bilingue_CMYK2-800x600-1.jpg\" alt=\"\" class=\"wp-image-4776\" style=\"width:200px\" srcset=\"https:\/\/www.portquebec.ca\/wp-content\/uploads\/2024\/12\/GreenMarine_bilingue_CMYK2-800x600-1.jpg 800w, https:\/\/www.portquebec.ca\/wp-content\/uploads\/2024\/12\/GreenMarine_bilingue_CMYK2-800x600-1-768x576.jpg 768w, https:\/\/www.portquebec.ca\/wp-content\/uploads\/2024\/12\/GreenMarine_bilingue_CMYK2-800x600-1-400x300.jpg 400w, https:\/\/www.portquebec.ca\/wp-content\/uploads\/2024\/12\/GreenMarine_bilingue_CMYK2-800x600-1-300x225.jpg 300w, https:\/\/www.portquebec.ca\/wp-content\/uploads\/2024\/12\/GreenMarine_bilingue_CMYK2-800x600-1-100x75.jpg 100w, https:\/\/www.portquebec.ca\/wp-content\/uploads\/2024\/12\/GreenMarine_bilingue_CMYK2-800x600-1-200x150.jpg 200w\" sizes=\"auto, (max-width: 800px) 100vw, 800px\" \/><\/a><\/figure>\n<\/div><\/div><\/div><\/div>\n\n\n\n<div class=\"wp-block-column is-layout-flow wp-block-column-is-layout-flow\"><div class=\"wp-block-image\"><div class=\"item wysiwyg component-image js-anim js-anim-scroll-top\"  ><div class=\"container\">\n<figure class=\"aligncenter size-full is-resized\"><a href=\"https:\/\/www.biospheretourism.com\/en\"><img loading=\"lazy\" decoding=\"async\" width=\"720\" height=\"720\" src=\"https:\/\/www.portquebec.ca\/wp-content\/uploads\/2024\/12\/c4448157ca923f7c87c5c7674cf78710.png\" alt=\"\" class=\"wp-image-4772\" style=\"width:200px\" srcset=\"https:\/\/www.portquebec.ca\/wp-content\/uploads\/2024\/12\/c4448157ca923f7c87c5c7674cf78710.png 720w, https:\/\/www.portquebec.ca\/wp-content\/uploads\/2024\/12\/c4448157ca923f7c87c5c7674cf78710-240x240.png 240w, https:\/\/www.portquebec.ca\/wp-content\/uploads\/2024\/12\/c4448157ca923f7c87c5c7674cf78710-450x450.png 450w, https:\/\/www.portquebec.ca\/wp-content\/uploads\/2024\/12\/c4448157ca923f7c87c5c7674cf78710-400x400.png 400w, https:\/\/www.portquebec.ca\/wp-content\/uploads\/2024\/12\/c4448157ca923f7c87c5c7674cf78710-300x300.png 300w, https:\/\/www.portquebec.ca\/wp-content\/uploads\/2024\/12\/c4448157ca923f7c87c5c7674cf78710-100x100.png 100w, https:\/\/www.portquebec.ca\/wp-content\/uploads\/2024\/12\/c4448157ca923f7c87c5c7674cf78710-200x200.png 200w\" sizes=\"auto, (max-width: 720px) 100vw, 720px\" \/><\/a><\/figure>\n<\/div><\/div><\/div><\/div>\n<\/div>\n<\/div><\/div>\n\n            <div class=\"item component-block-image-text\">\n            <div class=\"block-image-text  block-image-text--reverse block-image-text--top\">\n                <div class=\"block-image-text__image\">\n                    <figure>\n                                                <img loading=\"lazy\" decoding=\"async\" width=\"1400\" height=\"933\" src=\"https:\/\/www.portquebec.ca\/wp-content\/uploads\/2024\/08\/homebanner-1400x933.webp\" class=\"attachment-mw_1400 size-mw_1400\" alt=\"\" srcset=\"https:\/\/www.portquebec.ca\/wp-content\/uploads\/2024\/08\/homebanner-1400x933.webp 1400w, https:\/\/www.portquebec.ca\/wp-content\/uploads\/2024\/08\/homebanner-2000x1333.webp 2000w, https:\/\/www.portquebec.ca\/wp-content\/uploads\/2024\/08\/homebanner-768x512.webp 768w, https:\/\/www.portquebec.ca\/wp-content\/uploads\/2024\/08\/homebanner-1536x1024.webp 1536w, https:\/\/www.portquebec.ca\/wp-content\/uploads\/2024\/08\/homebanner-2048x1365.webp 2048w, https:\/\/www.portquebec.ca\/wp-content\/uploads\/2024\/08\/homebanner-1000x667.webp 1000w, https:\/\/www.portquebec.ca\/wp-content\/uploads\/2024\/08\/homebanner-400x267.webp 400w, https:\/\/www.portquebec.ca\/wp-content\/uploads\/2024\/08\/homebanner-300x200.webp 300w, https:\/\/www.portquebec.ca\/wp-content\/uploads\/2024\/08\/homebanner-800x533.webp 800w, https:\/\/www.portquebec.ca\/wp-content\/uploads\/2024\/08\/homebanner-100x67.webp 100w, https:\/\/www.portquebec.ca\/wp-content\/uploads\/2024\/08\/homebanner-200x133.webp 200w\" sizes=\"auto, (max-width: 1400px) 100vw, 1400px\" \/>\n                                            <\/figure>\n                <\/div>\n                <div class=\"block-image-text__content\">\n                    <h2  class=\"h3 \">Sustainable development at the Port of Qu\u00e9bec <\/h2 >\n                                        <div class=\"push-t-xs-25 wysiwyg\">\n                        <p>Au Port de Qu\u00e9bec, le d\u00e9veloppement durable est une priorit\u00e9 dans tous les secteurs, et pas seulement celui des croisi\u00e8res. Apprenez-en plus sur les objectifs de <a href=\"https:\/\/www.portquebec.ca\/environnement\/changements-climatiques\/\">d\u00e9carbonation du Port<\/a> ou sur nos efforts d\u2019am\u00e9lioration de la <a href=\"https:\/\/www.portquebec.ca\/environnement\/qualite-de-lair\/\">qualit\u00e9 de l\u2019air<\/a>.<\/p>\n<p>At the Port of Qu\u00e9bec, sustainable development is a priority for all industries, not just the cruise industry. Learn more about the <a href=\"\/en\/environment\/climatic-changes\/\">Port\u2019s decarbonization objectives<\/a> and <a href=\"https:\/\/www.portquebec.ca\/en\/environment\/air-quality\/\">our efforts to improve air quality<\/a>.<\/p>\n\n                    <\/div>\n                                                        <\/div>\n            <\/div>\n        <\/div>\n    ","protected":false},"excerpt":{"rendered":"For the Port of Qu\u00e9bec, developing the cruise industry in a responsible and sustainable way is a priority. That\u2019s why we\u2019ve implemented a number of sustainable cruise development practices in recent years. Our goal is to reduce GHGs and criteria air contaminants from cruise ships by at least 50% by 2030, which is conditional on [&hellip;]","protected":false},"author":1,"featured_media":0,"parent":2868,"menu_order":49,"comment_status":"closed","ping_status":"closed","template":"","meta":{"_acf_changed":false,"footnotes":""},"class_list":["post-2883","page","type-page","status-publish","hentry"],"acf":[],"yoast_head":"<!-- This site is optimized with the Yoast SEO plugin v26.5 - https:\/\/yoast.com\/wordpress\/plugins\/seo\/ -->\n<title>Sustainable Development Practices for Cruises - Port of Quebec<\/title>\n<meta name=\"robots\" content=\"index, follow, max-snippet:-1, max-image-preview:large, max-video-preview:-1\" \/>\n<link rel=\"canonical\" href=\"https:\/\/www.portquebec.ca\/en\/cruises\/cruise-line\/sustainable-practices\/\" \/>\n<meta property=\"og:locale\" content=\"en_US\" \/>\n<meta property=\"og:type\" content=\"article\" \/>\n<meta property=\"og:title\" content=\"Sustainable Development Practices for Cruises - Port of Quebec\" \/>\n<meta property=\"og:description\" content=\"For the Port of Qu\u00e9bec, developing the cruise industry in a responsible and sustainable way is a priority. That\u2019s why we\u2019ve implemented a number of sustainable cruise development practices in recent years. Our goal is to reduce GHGs and criteria air contaminants from cruise ships by at least 50% by 2030, which is conditional on [&hellip;]\" \/>\n<meta property=\"og:url\" content=\"https:\/\/www.portquebec.ca\/en\/cruises\/cruise-line\/sustainable-practices\/\" \/>\n<meta property=\"og:site_name\" content=\"Port of Quebec\" \/>\n<meta property=\"article:modified_time\" content=\"2024-12-06T14:47:45+00:00\" \/>\n<meta property=\"og:image\" content=\"https:\/\/www.portquebec.ca\/wp-content\/uploads\/2024\/12\/channels4_profile.jpg\" \/>\n<meta name=\"twitter:card\" content=\"summary_large_image\" \/>\n<meta name=\"twitter:label1\" content=\"Est. reading time\" \/>\n\t<meta name=\"twitter:data1\" content=\"3 minutes\" \/>\n<script type=\"application\/ld+json\" class=\"yoast-schema-graph\">{\"@context\":\"https:\/\/schema.org\",\"@graph\":[{\"@type\":\"WebPage\",\"@id\":\"https:\/\/www.portquebec.ca\/en\/cruises\/cruise-line\/sustainable-practices\/\",\"url\":\"https:\/\/www.portquebec.ca\/en\/cruises\/cruise-line\/sustainable-practices\/\",\"name\":\"Sustainable Development Practices for Cruises - Port of Quebec\",\"isPartOf\":{\"@id\":\"https:\/\/www.portquebec.ca\/#website\"},\"primaryImageOfPage\":{\"@id\":\"https:\/\/www.portquebec.ca\/en\/cruises\/cruise-line\/sustainable-practices\/#primaryimage\"},\"image\":{\"@id\":\"https:\/\/www.portquebec.ca\/en\/cruises\/cruise-line\/sustainable-practices\/#primaryimage\"},\"thumbnailUrl\":\"https:\/\/www.portquebec.ca\/wp-content\/uploads\/2024\/12\/channels4_profile.jpg\",\"datePublished\":\"2024-06-26T11:10:03+00:00\",\"dateModified\":\"2024-12-06T14:47:45+00:00\",\"breadcrumb\":{\"@id\":\"https:\/\/www.portquebec.ca\/en\/cruises\/cruise-line\/sustainable-practices\/#breadcrumb\"},\"inLanguage\":\"en-US\",\"potentialAction\":[{\"@type\":\"ReadAction\",\"target\":[\"https:\/\/www.portquebec.ca\/en\/cruises\/cruise-line\/sustainable-practices\/\"]}]},{\"@type\":\"ImageObject\",\"inLanguage\":\"en-US\",\"@id\":\"https:\/\/www.portquebec.ca\/en\/cruises\/cruise-line\/sustainable-practices\/#primaryimage\",\"url\":\"https:\/\/www.portquebec.ca\/wp-content\/uploads\/2024\/12\/channels4_profile.jpg\",\"contentUrl\":\"https:\/\/www.portquebec.ca\/wp-content\/uploads\/2024\/12\/channels4_profile.jpg\"},{\"@type\":\"BreadcrumbList\",\"@id\":\"https:\/\/www.portquebec.ca\/en\/cruises\/cruise-line\/sustainable-practices\/#breadcrumb\",\"itemListElement\":[{\"@type\":\"ListItem\",\"position\":1,\"name\":\"Home\",\"item\":\"https:\/\/www.portquebec.ca\/en\/\"},{\"@type\":\"ListItem\",\"position\":2,\"name\":\"Cruises\",\"item\":\"https:\/\/www.portquebec.ca\/en\/cruises\/\"},{\"@type\":\"ListItem\",\"position\":3,\"name\":\"Informations for Cruise Lines\",\"item\":\"https:\/\/www.portquebec.ca\/en\/cruises\/cruise-line\/\"},{\"@type\":\"ListItem\",\"position\":4,\"name\":\"Sustainable Development Practices for Cruises\"}]},{\"@type\":\"WebSite\",\"@id\":\"https:\/\/www.portquebec.ca\/#website\",\"url\":\"https:\/\/www.portquebec.ca\/\",\"name\":\"Port of Quebec\",\"description\":\"Un site qui traite du Port de Qu\u00e9bec\",\"publisher\":{\"@id\":\"https:\/\/www.portquebec.ca\/#organization\"},\"alternateName\":\"APQ\",\"potentialAction\":[{\"@type\":\"SearchAction\",\"target\":{\"@type\":\"EntryPoint\",\"urlTemplate\":\"https:\/\/www.portquebec.ca\/?s={search_term_string}\"},\"query-input\":{\"@type\":\"PropertyValueSpecification\",\"valueRequired\":true,\"valueName\":\"search_term_string\"}}],\"inLanguage\":\"en-US\"},{\"@type\":\"Organization\",\"@id\":\"https:\/\/www.portquebec.ca\/#organization\",\"name\":\"Port of Quebec\",\"url\":\"https:\/\/www.portquebec.ca\/\",\"logo\":{\"@type\":\"ImageObject\",\"inLanguage\":\"en-US\",\"@id\":\"https:\/\/www.portquebec.ca\/#\/schema\/logo\/image\/\",\"url\":\"https:\/\/www.portquebec.ca\/wp-content\/uploads\/2024\/12\/android-chrome-512x512-1.png\",\"contentUrl\":\"https:\/\/www.portquebec.ca\/wp-content\/uploads\/2024\/12\/android-chrome-512x512-1.png\",\"width\":512,\"height\":512,\"caption\":\"Port of Quebec\"},\"image\":{\"@id\":\"https:\/\/www.portquebec.ca\/#\/schema\/logo\/image\/\"}}]}<\/script>\n<!-- \/ Yoast SEO plugin. -->","yoast_head_json":{"title":"Sustainable Development Practices for Cruises - Port of Quebec","robots":{"index":"index","follow":"follow","max-snippet":"max-snippet:-1","max-image-preview":"max-image-preview:large","max-video-preview":"max-video-preview:-1"},"canonical":"https:\/\/www.portquebec.ca\/en\/cruises\/cruise-line\/sustainable-practices\/","og_locale":"en_US","og_type":"article","og_title":"Sustainable Development Practices for Cruises - Port of Quebec","og_description":"For the Port of Qu\u00e9bec, developing the cruise industry in a responsible and sustainable way is a priority. That\u2019s why we\u2019ve implemented a number of sustainable cruise development practices in recent years. Our goal is to reduce GHGs and criteria air contaminants from cruise ships by at least 50% by 2030, which is conditional on [&hellip;]","og_url":"https:\/\/www.portquebec.ca\/en\/cruises\/cruise-line\/sustainable-practices\/","og_site_name":"Port of Quebec","article_modified_time":"2024-12-06T14:47:45+00:00","og_image":[{"url":"https:\/\/www.portquebec.ca\/wp-content\/uploads\/2024\/12\/channels4_profile.jpg","type":"","width":"","height":""}],"twitter_card":"summary_large_image","twitter_misc":{"Est. reading time":"3 minutes"},"schema":{"@context":"https:\/\/schema.org","@graph":[{"@type":"WebPage","@id":"https:\/\/www.portquebec.ca\/en\/cruises\/cruise-line\/sustainable-practices\/","url":"https:\/\/www.portquebec.ca\/en\/cruises\/cruise-line\/sustainable-practices\/","name":"Sustainable Development Practices for Cruises - Port of Quebec","isPartOf":{"@id":"https:\/\/www.portquebec.ca\/#website"},"primaryImageOfPage":{"@id":"https:\/\/www.portquebec.ca\/en\/cruises\/cruise-line\/sustainable-practices\/#primaryimage"},"image":{"@id":"https:\/\/www.portquebec.ca\/en\/cruises\/cruise-line\/sustainable-practices\/#primaryimage"},"thumbnailUrl":"https:\/\/www.portquebec.ca\/wp-content\/uploads\/2024\/12\/channels4_profile.jpg","datePublished":"2024-06-26T11:10:03+00:00","dateModified":"2024-12-06T14:47:45+00:00","breadcrumb":{"@id":"https:\/\/www.portquebec.ca\/en\/cruises\/cruise-line\/sustainable-practices\/#breadcrumb"},"inLanguage":"en-US","potentialAction":[{"@type":"ReadAction","target":["https:\/\/www.portquebec.ca\/en\/cruises\/cruise-line\/sustainable-practices\/"]}]},{"@type":"ImageObject","inLanguage":"en-US","@id":"https:\/\/www.portquebec.ca\/en\/cruises\/cruise-line\/sustainable-practices\/#primaryimage","url":"https:\/\/www.portquebec.ca\/wp-content\/uploads\/2024\/12\/channels4_profile.jpg","contentUrl":"https:\/\/www.portquebec.ca\/wp-content\/uploads\/2024\/12\/channels4_profile.jpg"},{"@type":"BreadcrumbList","@id":"https:\/\/www.portquebec.ca\/en\/cruises\/cruise-line\/sustainable-practices\/#breadcrumb","itemListElement":[{"@type":"ListItem","position":1,"name":"Home","item":"https:\/\/www.portquebec.ca\/en\/"},{"@type":"ListItem","position":2,"name":"Cruises","item":"https:\/\/www.portquebec.ca\/en\/cruises\/"},{"@type":"ListItem","position":3,"name":"Informations for Cruise Lines","item":"https:\/\/www.portquebec.ca\/en\/cruises\/cruise-line\/"},{"@type":"ListItem","position":4,"name":"Sustainable Development Practices for Cruises"}]},{"@type":"WebSite","@id":"https:\/\/www.portquebec.ca\/#website","url":"https:\/\/www.portquebec.ca\/","name":"Port of Quebec","description":"Un site qui traite du Port de Qu\u00e9bec","publisher":{"@id":"https:\/\/www.portquebec.ca\/#organization"},"alternateName":"APQ","potentialAction":[{"@type":"SearchAction","target":{"@type":"EntryPoint","urlTemplate":"https:\/\/www.portquebec.ca\/?s={search_term_string}"},"query-input":{"@type":"PropertyValueSpecification","valueRequired":true,"valueName":"search_term_string"}}],"inLanguage":"en-US"},{"@type":"Organization","@id":"https:\/\/www.portquebec.ca\/#organization","name":"Port of Quebec","url":"https:\/\/www.portquebec.ca\/","logo":{"@type":"ImageObject","inLanguage":"en-US","@id":"https:\/\/www.portquebec.ca\/#\/schema\/logo\/image\/","url":"https:\/\/www.portquebec.ca\/wp-content\/uploads\/2024\/12\/android-chrome-512x512-1.png","contentUrl":"https:\/\/www.portquebec.ca\/wp-content\/uploads\/2024\/12\/android-chrome-512x512-1.png","width":512,"height":512,"caption":"Port of Quebec"},"image":{"@id":"https:\/\/www.portquebec.ca\/#\/schema\/logo\/image\/"}}]}},"_links":{"self":[{"href":"https:\/\/www.portquebec.ca\/en\/wp-json\/wp\/v2\/pages\/2883","targetHints":{"allow":["GET"]}}],"collection":[{"href":"https:\/\/www.portquebec.ca\/en\/wp-json\/wp\/v2\/pages"}],"about":[{"href":"https:\/\/www.portquebec.ca\/en\/wp-json\/wp\/v2\/types\/page"}],"author":[{"embeddable":true,"href":"https:\/\/www.portquebec.ca\/en\/wp-json\/wp\/v2\/users\/1"}],"replies":[{"embeddable":true,"href":"https:\/\/www.portquebec.ca\/en\/wp-json\/wp\/v2\/comments?post=2883"}],"version-history":[{"count":18,"href":"https:\/\/www.portquebec.ca\/en\/wp-json\/wp\/v2\/pages\/2883\/revisions"}],"predecessor-version":[{"id":5036,"href":"https:\/\/www.portquebec.ca\/en\/wp-json\/wp\/v2\/pages\/2883\/revisions\/5036"}],"up":[{"embeddable":true,"href":"https:\/\/www.portquebec.ca\/en\/wp-json\/wp\/v2\/pages\/2868"}],"wp:attachment":[{"href":"https:\/\/www.portquebec.ca\/en\/wp-json\/wp\/v2\/media?parent=2883"}],"curies":[{"name":"wp","href":"https:\/\/api.w.org\/{rel}","templated":true}]}}