{"id":2881,"date":"2024-06-26T07:09:30","date_gmt":"2024-06-26T11:09:30","guid":{"rendered":"https:\/\/www.portquebec.ca\/?page_id=2881"},"modified":"2024-11-25T15:48:41","modified_gmt":"2024-11-25T20:48:41","slug":"why-quebec-city","status":"publish","type":"page","link":"https:\/\/www.portquebec.ca\/en\/cruises\/cruise-line\/why-quebec-city\/","title":{"rendered":"Why Qu\u00e9bec City?"},"content":{"rendered":"<div class=\"item wysiwyg component-heading js-anim js-anim-scroll-top\"  ><div class=\"container\">\n<h2 class=\"wp-block-heading\"><strong>Choosing Qu\u00e9bec City as a cruise destination<\/strong><\/h2>\n<\/div><\/div>\n\n<div class=\"item wysiwyg component-paragraph js-anim js-anim-scroll-top\"  ><div class=\"container\">\n<p class=\"is-style-text-large\">Qu\u00e9bec City boasts over 400 years of history and a wealth of unforgettable experiences. Its European flair and vibrant yet cozy atmosphere make it a highly popular destination for travellers from around the world. Cruise passengers will fall in love with its historical charm, its culture, its food, and its stunning views in every season.<\/p>\n<\/div><\/div>\n\n            <div class=\"item component-block-image-text\">\n            <div class=\"block-image-text  block-image-text--reverse block-image-text--top\">\n                <div class=\"block-image-text__image\">\n                    <figure>\n                                                <img loading=\"lazy\" decoding=\"async\" width=\"800\" height=\"501\" src=\"https:\/\/www.portquebec.ca\/wp-content\/uploads\/2024\/10\/6.1.1.-Ville-de-Quebec.jpg\" class=\"attachment-mw_1400 size-mw_1400\" alt=\"\" srcset=\"https:\/\/www.portquebec.ca\/wp-content\/uploads\/2024\/10\/6.1.1.-Ville-de-Quebec.jpg 800w, https:\/\/www.portquebec.ca\/wp-content\/uploads\/2024\/10\/6.1.1.-Ville-de-Quebec-768x481.jpg 768w, https:\/\/www.portquebec.ca\/wp-content\/uploads\/2024\/10\/6.1.1.-Ville-de-Quebec-400x251.jpg 400w, https:\/\/www.portquebec.ca\/wp-content\/uploads\/2024\/10\/6.1.1.-Ville-de-Quebec-300x188.jpg 300w, https:\/\/www.portquebec.ca\/wp-content\/uploads\/2024\/10\/6.1.1.-Ville-de-Quebec-100x63.jpg 100w, https:\/\/www.portquebec.ca\/wp-content\/uploads\/2024\/10\/6.1.1.-Ville-de-Quebec-200x125.jpg 200w\" sizes=\"auto, (max-width: 800px) 100vw, 800px\" \/>\n                                            <\/figure>\n                <\/div>\n                <div class=\"block-image-text__content\">\n                    <h2  class=\"h3 \">Choose Qu\u00e9bec City for its one-of-a-kind welcome<\/h2 >\n                                        <div class=\"push-t-xs-25 wysiwyg\">\n                        <p class=\"p1\">The Port of Qu\u00e9bec is the leading cruise destination on the St. Lawrence. It\u2019s welcoming, clean, and safe, making it a popular choice for major international cruise lines.<\/p>\n<p class=\"p1\">This distinctive combination, along with top-quality infrastructure, has made Qu\u00e9bec City one of the world\u2019s top destinations for cruise lines.<\/p>\n<ul class=\"ul1\">\n<li class=\"li1\">Most popular of the 400 destinations served by the Holland America Line<\/li>\n<li class=\"li1\">One of Royal Caribbean International\u2019s top 10 cruise destinations<\/li>\n<\/ul>\n\n                    <\/div>\n                                                        <\/div>\n            <\/div>\n        <\/div>\n    \n\n            <div class=\"item component-block-image-text\">\n            <div class=\"block-image-text   block-image-text--top\">\n                <div class=\"block-image-text__image\">\n                    <figure>\n                                                <img loading=\"lazy\" decoding=\"async\" width=\"1400\" height=\"933\" src=\"https:\/\/www.portquebec.ca\/wp-content\/uploads\/2024\/10\/6.1.2.-Ville-de-Quebec-1400x933.jpg\" class=\"attachment-mw_1400 size-mw_1400\" alt=\"\" srcset=\"https:\/\/www.portquebec.ca\/wp-content\/uploads\/2024\/10\/6.1.2.-Ville-de-Quebec-1400x933.jpg 1400w, https:\/\/www.portquebec.ca\/wp-content\/uploads\/2024\/10\/6.1.2.-Ville-de-Quebec-768x512.jpg 768w, https:\/\/www.portquebec.ca\/wp-content\/uploads\/2024\/10\/6.1.2.-Ville-de-Quebec-1536x1024.jpg 1536w, https:\/\/www.portquebec.ca\/wp-content\/uploads\/2024\/10\/6.1.2.-Ville-de-Quebec-100x67.jpg 100w, https:\/\/www.portquebec.ca\/wp-content\/uploads\/2024\/10\/6.1.2.-Ville-de-Quebec-200x133.jpg 200w\" sizes=\"auto, (max-width: 1400px) 100vw, 1400px\" \/>\n                                                    <figcaption class=\"image__caption \">Quebec City, panorama of the town, with the Saint-Laurent river in background<\/figcaption>\n                                            <\/figure>\n                <\/div>\n                <div class=\"block-image-text__content\">\n                    <h2  class=\"h3 \">Advantages of the destination<\/h2 >\n                                        <div class=\"push-t-xs-25 wysiwyg\">\n                        <p class=\"p1\">The Port of Qu\u00e9bec and its partners offer a comprehensive range of services to cruise lines and their passengers to make the destination a highlight of any trip.<\/p>\n<p class=\"p1\">We have the infrastructure to accommodate any size and type of cruise ship, thanks to the high availability of wharves, especially in the spring and summer.<\/p>\n<p class=\"p1\">Our two cruise terminals are designed to offer passengers a quick, seamless experience.<\/p>\n<p>&nbsp;<\/p>\n\n                    <\/div>\n                                                                <div class=\"push-t-xs-10 push-t-md-40\">\n                            <a href=\"https:\/\/www.portquebec.ca\/en\/cruises\/cruise-line\/cruise-terminals\/\" class=\"button button--link-blue\">\n                                <span>Discover our cruise terminals<\/span>\n                            <\/a>\n                        <\/div>\n                                    <\/div>\n            <\/div>\n        <\/div>\n    \n\n\t<div class=\"item component-text-full-width\">\n\t\t<div class=\"container container--large\">\n\t\t\t<div class=\"block-text-full-width\">\n\t\t\t\t<h2 class=\"h4 block-text-full-width__title\">Efficient port services<\/h2>\n\t\t\t\t\t\t\t\t\t<div class=\"block-text-full-width__grid\">\n\t\t\t\t\t\t<div class=\"wysiwyg\">\n\t\t\t\t\t\t\t<p class=\"p1\">The Port of Qu\u00e9bec is well versed in welcoming cruise passengers. Our facilities and teams offer a wide range of services to the cruise ships that stop with us.<\/p>\n\n\t\t\t\t\t\t<\/div>\n\t\t\t\t\t\t<div class=\"wysiwyg\">\n\t\t\t\t\t\t\t<ul class=\"ul1\">\n<li class=\"li1\">Ramps<\/li>\n<li class=\"li1\">Material handlers<\/li>\n<li class=\"li1\">Luggage handling<\/li>\n<li class=\"li1\">Dock supply<\/li>\n<li class=\"li1\">Greywater drainage<\/li>\n<li class=\"li1\">X-ray machines<\/li>\n<li class=\"li1\">K9s<\/li>\n<\/ul>\n\n\t\t\t\t\t\t<\/div>\n\t\t\t\t\t<\/div>\n\t\t\t\t\t\t\t<\/div>\n\t\t<\/div>\n\t<\/div>\n","protected":false},"excerpt":{"rendered":"Choosing Qu\u00e9bec City as a cruise destination Qu\u00e9bec City boasts over 400 years of history and a wealth of unforgettable experiences. Its European flair and vibrant yet cozy atmosphere make it a highly popular destination for travellers from around the world. Cruise passengers will fall in love with its historical charm, its culture, its food, [&hellip;]","protected":false},"author":1,"featured_media":0,"parent":2868,"menu_order":45,"comment_status":"closed","ping_status":"closed","template":"","meta":{"_acf_changed":false,"footnotes":""},"class_list":["post-2881","page","type-page","status-publish","hentry"],"acf":[],"yoast_head":"<!-- This site is optimized with the Yoast SEO plugin v26.5 - https:\/\/yoast.com\/wordpress\/plugins\/seo\/ -->\n<title>Why Qu\u00e9bec City? - Port of Quebec<\/title>\n<meta name=\"robots\" content=\"index, follow, max-snippet:-1, max-image-preview:large, max-video-preview:-1\" \/>\n<link rel=\"canonical\" href=\"https:\/\/www.portquebec.ca\/en\/cruises\/cruise-line\/why-quebec-city\/\" \/>\n<meta property=\"og:locale\" content=\"en_US\" \/>\n<meta property=\"og:type\" content=\"article\" \/>\n<meta property=\"og:title\" content=\"Why Qu\u00e9bec City? - Port of Quebec\" \/>\n<meta property=\"og:description\" content=\"Choosing Qu\u00e9bec City as a cruise destination Qu\u00e9bec City boasts over 400 years of history and a wealth of unforgettable experiences. Its European flair and vibrant yet cozy atmosphere make it a highly popular destination for travellers from around the world. Cruise passengers will fall in love with its historical charm, its culture, its food, [&hellip;]\" \/>\n<meta property=\"og:url\" content=\"https:\/\/www.portquebec.ca\/en\/cruises\/cruise-line\/why-quebec-city\/\" \/>\n<meta property=\"og:site_name\" content=\"Port of Quebec\" \/>\n<meta property=\"article:modified_time\" content=\"2024-11-25T20:48:41+00:00\" \/>\n<meta property=\"og:image\" content=\"https:\/\/www.portquebec.ca\/wp-content\/uploads\/2024\/12\/Slogan_illustration-scaled.jpg\" \/>\n\t<meta property=\"og:image:width\" content=\"2560\" \/>\n\t<meta property=\"og:image:height\" content=\"1463\" \/>\n\t<meta property=\"og:image:type\" content=\"image\/jpeg\" \/>\n<meta name=\"twitter:card\" content=\"summary_large_image\" \/>\n<meta name=\"twitter:label1\" content=\"Est. reading time\" \/>\n\t<meta name=\"twitter:data1\" content=\"1 minute\" \/>\n<script type=\"application\/ld+json\" class=\"yoast-schema-graph\">{\"@context\":\"https:\/\/schema.org\",\"@graph\":[{\"@type\":\"WebPage\",\"@id\":\"https:\/\/www.portquebec.ca\/en\/cruises\/cruise-line\/why-quebec-city\/\",\"url\":\"https:\/\/www.portquebec.ca\/en\/cruises\/cruise-line\/why-quebec-city\/\",\"name\":\"Why Qu\u00e9bec City? - Port of Quebec\",\"isPartOf\":{\"@id\":\"https:\/\/www.portquebec.ca\/#website\"},\"datePublished\":\"2024-06-26T11:09:30+00:00\",\"dateModified\":\"2024-11-25T20:48:41+00:00\",\"breadcrumb\":{\"@id\":\"https:\/\/www.portquebec.ca\/en\/cruises\/cruise-line\/why-quebec-city\/#breadcrumb\"},\"inLanguage\":\"en-US\",\"potentialAction\":[{\"@type\":\"ReadAction\",\"target\":[\"https:\/\/www.portquebec.ca\/en\/cruises\/cruise-line\/why-quebec-city\/\"]}]},{\"@type\":\"BreadcrumbList\",\"@id\":\"https:\/\/www.portquebec.ca\/en\/cruises\/cruise-line\/why-quebec-city\/#breadcrumb\",\"itemListElement\":[{\"@type\":\"ListItem\",\"position\":1,\"name\":\"Home\",\"item\":\"https:\/\/www.portquebec.ca\/en\/\"},{\"@type\":\"ListItem\",\"position\":2,\"name\":\"Cruises\",\"item\":\"https:\/\/www.portquebec.ca\/en\/cruises\/\"},{\"@type\":\"ListItem\",\"position\":3,\"name\":\"Informations for Cruise Lines\",\"item\":\"https:\/\/www.portquebec.ca\/en\/cruises\/cruise-line\/\"},{\"@type\":\"ListItem\",\"position\":4,\"name\":\"Why Qu\u00e9bec City?\"}]},{\"@type\":\"WebSite\",\"@id\":\"https:\/\/www.portquebec.ca\/#website\",\"url\":\"https:\/\/www.portquebec.ca\/\",\"name\":\"Port of Quebec\",\"description\":\"Un site qui traite du Port de Qu\u00e9bec\",\"publisher\":{\"@id\":\"https:\/\/www.portquebec.ca\/#organization\"},\"alternateName\":\"APQ\",\"potentialAction\":[{\"@type\":\"SearchAction\",\"target\":{\"@type\":\"EntryPoint\",\"urlTemplate\":\"https:\/\/www.portquebec.ca\/?s={search_term_string}\"},\"query-input\":{\"@type\":\"PropertyValueSpecification\",\"valueRequired\":true,\"valueName\":\"search_term_string\"}}],\"inLanguage\":\"en-US\"},{\"@type\":\"Organization\",\"@id\":\"https:\/\/www.portquebec.ca\/#organization\",\"name\":\"Port of Quebec\",\"url\":\"https:\/\/www.portquebec.ca\/\",\"logo\":{\"@type\":\"ImageObject\",\"inLanguage\":\"en-US\",\"@id\":\"https:\/\/www.portquebec.ca\/#\/schema\/logo\/image\/\",\"url\":\"https:\/\/www.portquebec.ca\/wp-content\/uploads\/2024\/12\/android-chrome-512x512-1.png\",\"contentUrl\":\"https:\/\/www.portquebec.ca\/wp-content\/uploads\/2024\/12\/android-chrome-512x512-1.png\",\"width\":512,\"height\":512,\"caption\":\"Port of Quebec\"},\"image\":{\"@id\":\"https:\/\/www.portquebec.ca\/#\/schema\/logo\/image\/\"}}]}<\/script>\n<!-- \/ Yoast SEO plugin. -->","yoast_head_json":{"title":"Why Qu\u00e9bec City? - Port of Quebec","robots":{"index":"index","follow":"follow","max-snippet":"max-snippet:-1","max-image-preview":"max-image-preview:large","max-video-preview":"max-video-preview:-1"},"canonical":"https:\/\/www.portquebec.ca\/en\/cruises\/cruise-line\/why-quebec-city\/","og_locale":"en_US","og_type":"article","og_title":"Why Qu\u00e9bec City? - Port of Quebec","og_description":"Choosing Qu\u00e9bec City as a cruise destination Qu\u00e9bec City boasts over 400 years of history and a wealth of unforgettable experiences. Its European flair and vibrant yet cozy atmosphere make it a highly popular destination for travellers from around the world. Cruise passengers will fall in love with its historical charm, its culture, its food, [&hellip;]","og_url":"https:\/\/www.portquebec.ca\/en\/cruises\/cruise-line\/why-quebec-city\/","og_site_name":"Port of Quebec","article_modified_time":"2024-11-25T20:48:41+00:00","og_image":[{"width":2560,"height":1463,"url":"https:\/\/www.portquebec.ca\/wp-content\/uploads\/2024\/12\/Slogan_illustration-scaled.jpg","type":"image\/jpeg"}],"twitter_card":"summary_large_image","twitter_misc":{"Est. reading time":"1 minute"},"schema":{"@context":"https:\/\/schema.org","@graph":[{"@type":"WebPage","@id":"https:\/\/www.portquebec.ca\/en\/cruises\/cruise-line\/why-quebec-city\/","url":"https:\/\/www.portquebec.ca\/en\/cruises\/cruise-line\/why-quebec-city\/","name":"Why Qu\u00e9bec City? - Port of Quebec","isPartOf":{"@id":"https:\/\/www.portquebec.ca\/#website"},"datePublished":"2024-06-26T11:09:30+00:00","dateModified":"2024-11-25T20:48:41+00:00","breadcrumb":{"@id":"https:\/\/www.portquebec.ca\/en\/cruises\/cruise-line\/why-quebec-city\/#breadcrumb"},"inLanguage":"en-US","potentialAction":[{"@type":"ReadAction","target":["https:\/\/www.portquebec.ca\/en\/cruises\/cruise-line\/why-quebec-city\/"]}]},{"@type":"BreadcrumbList","@id":"https:\/\/www.portquebec.ca\/en\/cruises\/cruise-line\/why-quebec-city\/#breadcrumb","itemListElement":[{"@type":"ListItem","position":1,"name":"Home","item":"https:\/\/www.portquebec.ca\/en\/"},{"@type":"ListItem","position":2,"name":"Cruises","item":"https:\/\/www.portquebec.ca\/en\/cruises\/"},{"@type":"ListItem","position":3,"name":"Informations for Cruise Lines","item":"https:\/\/www.portquebec.ca\/en\/cruises\/cruise-line\/"},{"@type":"ListItem","position":4,"name":"Why Qu\u00e9bec City?"}]},{"@type":"WebSite","@id":"https:\/\/www.portquebec.ca\/#website","url":"https:\/\/www.portquebec.ca\/","name":"Port of Quebec","description":"Un site qui traite du Port de Qu\u00e9bec","publisher":{"@id":"https:\/\/www.portquebec.ca\/#organization"},"alternateName":"APQ","potentialAction":[{"@type":"SearchAction","target":{"@type":"EntryPoint","urlTemplate":"https:\/\/www.portquebec.ca\/?s={search_term_string}"},"query-input":{"@type":"PropertyValueSpecification","valueRequired":true,"valueName":"search_term_string"}}],"inLanguage":"en-US"},{"@type":"Organization","@id":"https:\/\/www.portquebec.ca\/#organization","name":"Port of Quebec","url":"https:\/\/www.portquebec.ca\/","logo":{"@type":"ImageObject","inLanguage":"en-US","@id":"https:\/\/www.portquebec.ca\/#\/schema\/logo\/image\/","url":"https:\/\/www.portquebec.ca\/wp-content\/uploads\/2024\/12\/android-chrome-512x512-1.png","contentUrl":"https:\/\/www.portquebec.ca\/wp-content\/uploads\/2024\/12\/android-chrome-512x512-1.png","width":512,"height":512,"caption":"Port of Quebec"},"image":{"@id":"https:\/\/www.portquebec.ca\/#\/schema\/logo\/image\/"}}]}},"_links":{"self":[{"href":"https:\/\/www.portquebec.ca\/en\/wp-json\/wp\/v2\/pages\/2881","targetHints":{"allow":["GET"]}}],"collection":[{"href":"https:\/\/www.portquebec.ca\/en\/wp-json\/wp\/v2\/pages"}],"about":[{"href":"https:\/\/www.portquebec.ca\/en\/wp-json\/wp\/v2\/types\/page"}],"author":[{"embeddable":true,"href":"https:\/\/www.portquebec.ca\/en\/wp-json\/wp\/v2\/users\/1"}],"replies":[{"embeddable":true,"href":"https:\/\/www.portquebec.ca\/en\/wp-json\/wp\/v2\/comments?post=2881"}],"version-history":[{"count":5,"href":"https:\/\/www.portquebec.ca\/en\/wp-json\/wp\/v2\/pages\/2881\/revisions"}],"predecessor-version":[{"id":4702,"href":"https:\/\/www.portquebec.ca\/en\/wp-json\/wp\/v2\/pages\/2881\/revisions\/4702"}],"up":[{"embeddable":true,"href":"https:\/\/www.portquebec.ca\/en\/wp-json\/wp\/v2\/pages\/2868"}],"wp:attachment":[{"href":"https:\/\/www.portquebec.ca\/en\/wp-json\/wp\/v2\/media?parent=2881"}],"curies":[{"name":"wp","href":"https:\/\/api.w.org\/{rel}","templated":true}]}}