{"id":2826,"date":"2024-06-26T08:13:09","date_gmt":"2024-06-26T12:13:09","guid":{"rendered":"https:\/\/www.portquebec.ca\/?page_id=2826"},"modified":"2024-12-02T11:49:49","modified_gmt":"2024-12-02T16:49:49","slug":"social-engagement","status":"publish","type":"page","link":"https:\/\/www.portquebec.ca\/en\/communities\/social-engagement\/","title":{"rendered":"Social engagement"},"content":{"rendered":"<div class=\"item wysiwyg component-paragraph js-anim js-anim-scroll-top\"  ><div class=\"container\">\n<p class=\"is-style-text-large\">Every year, the Port of Qu\u00e9bec gives more than $500,000 back to the community in the form of donations, sponsorships, funding for civic initiatives, projects, and public activities.<\/p>\n<\/div><\/div>\n\n            <div class=\"item component-block-image-text\">\n            <div class=\"block-image-text  block-image-text--reverse block-image-text--top\">\n                <div class=\"block-image-text__image\">\n                    <figure>\n                                                <img loading=\"lazy\" decoding=\"async\" width=\"1400\" height=\"1050\" src=\"https:\/\/www.portquebec.ca\/wp-content\/uploads\/2024\/10\/3.1.-Dons-et-commandites-1400x1050.jpeg\" class=\"attachment-mw_1400 size-mw_1400\" alt=\"\" srcset=\"https:\/\/www.portquebec.ca\/wp-content\/uploads\/2024\/10\/3.1.-Dons-et-commandites-1400x1050.jpeg 1400w, https:\/\/www.portquebec.ca\/wp-content\/uploads\/2024\/10\/3.1.-Dons-et-commandites-2000x1500.jpeg 2000w, https:\/\/www.portquebec.ca\/wp-content\/uploads\/2024\/10\/3.1.-Dons-et-commandites-768x576.jpeg 768w, https:\/\/www.portquebec.ca\/wp-content\/uploads\/2024\/10\/3.1.-Dons-et-commandites-1536x1152.jpeg 1536w, https:\/\/www.portquebec.ca\/wp-content\/uploads\/2024\/10\/3.1.-Dons-et-commandites-1000x750.jpeg 1000w, https:\/\/www.portquebec.ca\/wp-content\/uploads\/2024\/10\/3.1.-Dons-et-commandites-400x300.jpeg 400w, https:\/\/www.portquebec.ca\/wp-content\/uploads\/2024\/10\/3.1.-Dons-et-commandites-300x225.jpeg 300w, https:\/\/www.portquebec.ca\/wp-content\/uploads\/2024\/10\/3.1.-Dons-et-commandites-800x600.jpeg 800w, https:\/\/www.portquebec.ca\/wp-content\/uploads\/2024\/10\/3.1.-Dons-et-commandites-100x75.jpeg 100w, https:\/\/www.portquebec.ca\/wp-content\/uploads\/2024\/10\/3.1.-Dons-et-commandites-200x150.jpeg 200w, https:\/\/www.portquebec.ca\/wp-content\/uploads\/2024\/10\/3.1.-Dons-et-commandites.jpeg 2048w\" sizes=\"auto, (max-width: 1400px) 100vw, 1400px\" \/>\n                                            <\/figure>\n                <\/div>\n                <div class=\"block-image-text__content\">\n                    <h2  class=\"h3 \">Donations and sponsorships<\/h2 >\n                                        <div class=\"push-t-xs-25 wysiwyg\">\n                        <p class=\"p1\">The Port of Qu\u00e9bec is actively involved in the community, supporting over a hundred causes and organizations. These include the Canadian Cancer Society, Camps Odyss\u00e9e, the Fondation du Mus\u00e9e de la Civilisation, Laura L\u00e9merveil, Patro Laval, Le Pignon Bleu, R\u00e9no-Jouets, and many more. We also support our employees\u2019 community involvement by offering them one paid day a year for volunteer work.<\/p>\n<p><span dir=\"ltr\" role=\"presentation\">Every year, the Port of Qu\u00e9bec takes part in Centraide <\/span><span dir=\"ltr\" role=\"presentation\">Qu\u00e9bec<\/span> <span dir=\"ltr\" role=\"presentation\">et<\/span> <span dir=\"ltr\" role=\"presentation\">Chaudi\u00e8re-Appalaches\u2019<\/span> <span dir=\"ltr\" role=\"presentation\">major<\/span> <span dir=\"ltr\" role=\"presentation\">fundraising <\/span><span dir=\"ltr\" role=\"presentation\">campaign.<\/span> <span dir=\"ltr\" role=\"presentation\">Thanks<\/span> <span dir=\"ltr\" role=\"presentation\">to<\/span> <span dir=\"ltr\" role=\"presentation\">our<\/span> <span dir=\"ltr\" role=\"presentation\">employees\u2019<\/span> <span dir=\"ltr\" role=\"presentation\">incredible <\/span><span dir=\"ltr\" role=\"presentation\">participation, over the past 5 years we have raised more than $40 000 to fight poverty and social exclusion.<\/span><\/p>\n\n                    <\/div>\n                                                        <\/div>\n            <\/div>\n        <\/div>\n    \n\n<div class=\"item wysiwyg component-columns js-anim js-anim-scroll-top\"  ><div class=\"container\">\n<div class=\"wp-block-columns is-layout-flex wp-container-core-columns-is-layout-9d6595d7 wp-block-columns-is-layout-flex\">\n<div class=\"wp-block-column is-layout-flow wp-block-column-is-layout-flow\"><div class=\"item wysiwyg component-heading js-anim js-anim-scroll-top\"  ><div class=\"container\">\n<h3 class=\"wp-block-heading is-style-h4\"><strong>In addition to our charity work, we have supported major public events like:<\/strong><\/h3>\n<\/div><\/div>\n\n<div class=\"item wysiwyg component-paragraph js-anim js-anim-scroll-top\"  ><div class=\"container\">\n<p>By supporting these events, the Port of Qu\u00e9bec is helping our community thrive and shine not just in<br>Qu\u00e9bec, but around the world.<\/p>\n<\/div><\/div><\/div>\n\n\n\n<div class=\"wp-block-column is-layout-flow wp-block-column-is-layout-flow\"><div class=\"item wysiwyg component-list js-anim js-anim-scroll-top\"  ><div class=\"container\">\n<ul class=\"is-style-default wp-block-list\">\n<li>Qu\u00e9bec Winter Carnival;<\/li>\n\n\n\n<li>Desgagn\u00e9s Kayak Challenge;<\/li>\n\n\n\n<li>Grands Feux Loto-Qu\u00e9bec;<\/li>\n\n\n\n<li>Transat Qu\u00e9bec Saint-Malo;<\/li>\n\n\n\n<li>Rendez-vous Naval de Qu\u00e9bec;<\/li>\n\n\n\n<li>Sail Challenge Cap Qu\u00e9bec triathlon.<\/li>\n<\/ul>\n<\/div><\/div><\/div>\n<\/div>\n<\/div><\/div>\n\n<div class=\"item wysiwyg component-buttons js-anim js-anim-scroll-top\"  ><div class=\"container\">\n<div class=\"wp-block-buttons is-layout-flex wp-block-buttons-is-layout-flex\">\n<div class=\"wp-block-button is-style-button--blue\"><a class=\"wp-block-button__link wp-element-button\" href=\"mailto:nadya.fortin@portquebec.ca\">Request a donation or sponsorship<\/a><\/div>\n<\/div>\n<\/div><\/div>\n\n<div class=\"item wysiwyg component-separator js-anim js-anim-scroll-top\"  ><div class=\"container\">\n<hr class=\"wp-block-separator has-alpha-channel-opacity\"\/>\n<\/div><\/div>\n\n<div class=\"item wysiwyg component-heading js-anim js-anim-scroll-top\"  ><div class=\"container\">\n<h2 class=\"wp-block-heading is-style-h3\">Citizen initiative fund<\/h2>\n<\/div><\/div>\n\n<div class=\"item wysiwyg component-paragraph js-anim js-anim-scroll-top\"  ><div class=\"container\">\n<p>The Port of Qu\u00e9bec has created a citizen initiative fund to support impactful projects designed, managed,<br>and implemented by citizens. Projects are chosen based on their ability to generate long-term benefits.<br>They are carried out beyond the port\u2019s borders and enrich the entire community.&nbsp;<\/p>\n<\/div><\/div>\n\n<div class=\"item wysiwyg component-paragraph js-anim js-anim-scroll-top\"  ><div class=\"container\">\n<p>Go to <em><a href=\"https:\/\/jeparticipe.portquebec.ca\/fonds-ici\" target=\"_blank\" rel=\"noreferrer noopener\">Je Participe<\/a><\/em> to see the eligibility criteria and apply for funding.<\/p>\n<\/div><\/div>\n\n<div class=\"item wysiwyg component-separator js-anim js-anim-scroll-top\"  ><div class=\"container\">\n<hr class=\"wp-block-separator has-alpha-channel-opacity\"\/>\n<\/div><\/div>\n\n            <div class=\"item component-block-image-text\">\n            <div class=\"block-image-text   block-image-text--top\">\n                <div class=\"block-image-text__image\">\n                    <figure>\n                                                <img loading=\"lazy\" decoding=\"async\" width=\"1400\" height=\"933\" src=\"https:\/\/www.portquebec.ca\/wp-content\/uploads\/2024\/10\/3.2.-Activites-pour-la-communaute-1400x933.jpg\" class=\"attachment-mw_1400 size-mw_1400\" alt=\"\" srcset=\"https:\/\/www.portquebec.ca\/wp-content\/uploads\/2024\/10\/3.2.-Activites-pour-la-communaute-1400x933.jpg 1400w, https:\/\/www.portquebec.ca\/wp-content\/uploads\/2024\/10\/3.2.-Activites-pour-la-communaute-768x512.jpg 768w, https:\/\/www.portquebec.ca\/wp-content\/uploads\/2024\/10\/3.2.-Activites-pour-la-communaute-1536x1024.jpg 1536w, https:\/\/www.portquebec.ca\/wp-content\/uploads\/2024\/10\/3.2.-Activites-pour-la-communaute-1000x667.jpg 1000w, https:\/\/www.portquebec.ca\/wp-content\/uploads\/2024\/10\/3.2.-Activites-pour-la-communaute-400x267.jpg 400w, https:\/\/www.portquebec.ca\/wp-content\/uploads\/2024\/10\/3.2.-Activites-pour-la-communaute-300x200.jpg 300w, https:\/\/www.portquebec.ca\/wp-content\/uploads\/2024\/10\/3.2.-Activites-pour-la-communaute-800x533.jpg 800w, https:\/\/www.portquebec.ca\/wp-content\/uploads\/2024\/10\/3.2.-Activites-pour-la-communaute-100x67.jpg 100w, https:\/\/www.portquebec.ca\/wp-content\/uploads\/2024\/10\/3.2.-Activites-pour-la-communaute-200x133.jpg 200w\" sizes=\"auto, (max-width: 1400px) 100vw, 1400px\" \/>\n                                            <\/figure>\n                <\/div>\n                <div class=\"block-image-text__content\">\n                    <h2  class=\"h3 \">Activities for the community<\/h2 >\n                                        <div class=\"push-t-xs-25 wysiwyg\">\n                        <p class=\"p1\"><span dir=\"ltr\" role=\"presentation\">Every year, the community is invited to the Port of <\/span><span dir=\"ltr\" role=\"presentation\">Qu\u00e9bec to enjoy facilities and events that bring the area <\/span><span dir=\"ltr\" role=\"presentation\">to life. In addition to offering unparalleled access to the <\/span><span dir=\"ltr\" role=\"presentation\">river, these recreational, discovery, awareness, and <\/span><span dir=\"ltr\" role=\"presentation\">entertainment activities encourage positive interactions <\/span><span dir=\"ltr\" role=\"presentation\">between citizens and the port in a friendly setting.<\/span><\/p>\n<ul class=\"ul1\">\n<li class=\"li1\"><span dir=\"ltr\" role=\"presentation\">F\u00eate <\/span><span dir=\"ltr\" role=\"presentation\">maritime familiale (family festival)<\/span><\/li>\n<li class=\"li1\"><span dir=\"ltr\" role=\"presentation\">Sugar <\/span><span dir=\"ltr\" role=\"presentation\">shack<\/span><\/li>\n<li class=\"li1\">Family Day at the Baie de Beauport<\/li>\n<li class=\"li1\">Port swimming<\/li>\n<li class=\"li1\">Agora amphitheatre<\/li>\n<li class=\"li1\">Patio with river view<\/li>\n<li class=\"li2\">Rest and relaxation areas<\/li>\n<\/ul>\n\n                    <\/div>\n                                                                <div class=\"push-t-xs-10 push-t-md-40\">\n                            <a href=\"https:\/\/www.portquebec.ca\/en\/communities\/what-to-do-at-the-port-of-quebec\/\" class=\"button button--link-blue\">\n                                <span>What to Do in the Port of Qu\u00e9bec<\/span>\n                            <\/a>\n                        <\/div>\n                                    <\/div>\n            <\/div>\n        <\/div>\n    \n\n<div class=\"item wysiwyg component-separator js-anim js-anim-scroll-top\"  ><div class=\"container\">\n<hr class=\"wp-block-separator has-alpha-channel-opacity\"\/>\n<\/div><\/div>\n\n            <div class=\"item component-block-image-text\">\n            <div class=\"block-image-text  block-image-text--reverse block-image-text--top\">\n                <div class=\"block-image-text__image\">\n                    <figure>\n                                                <img loading=\"lazy\" decoding=\"async\" width=\"1400\" height=\"933\" src=\"https:\/\/www.portquebec.ca\/wp-content\/uploads\/2024\/10\/3.3.-Projets-scolaires-1400x933.jpg\" class=\"attachment-mw_1400 size-mw_1400\" alt=\"\" srcset=\"https:\/\/www.portquebec.ca\/wp-content\/uploads\/2024\/10\/3.3.-Projets-scolaires-1400x933.jpg 1400w, https:\/\/www.portquebec.ca\/wp-content\/uploads\/2024\/10\/3.3.-Projets-scolaires-2000x1333.jpg 2000w, https:\/\/www.portquebec.ca\/wp-content\/uploads\/2024\/10\/3.3.-Projets-scolaires-768x512.jpg 768w, https:\/\/www.portquebec.ca\/wp-content\/uploads\/2024\/10\/3.3.-Projets-scolaires-1536x1024.jpg 1536w, https:\/\/www.portquebec.ca\/wp-content\/uploads\/2024\/10\/3.3.-Projets-scolaires-1000x667.jpg 1000w, https:\/\/www.portquebec.ca\/wp-content\/uploads\/2024\/10\/3.3.-Projets-scolaires-400x267.jpg 400w, https:\/\/www.portquebec.ca\/wp-content\/uploads\/2024\/10\/3.3.-Projets-scolaires-300x200.jpg 300w, https:\/\/www.portquebec.ca\/wp-content\/uploads\/2024\/10\/3.3.-Projets-scolaires-800x533.jpg 800w, https:\/\/www.portquebec.ca\/wp-content\/uploads\/2024\/10\/3.3.-Projets-scolaires-100x67.jpg 100w, https:\/\/www.portquebec.ca\/wp-content\/uploads\/2024\/10\/3.3.-Projets-scolaires-200x133.jpg 200w, https:\/\/www.portquebec.ca\/wp-content\/uploads\/2024\/10\/3.3.-Projets-scolaires.jpg 2048w\" sizes=\"auto, (max-width: 1400px) 100vw, 1400px\" \/>\n                                            <\/figure>\n                <\/div>\n                <div class=\"block-image-text__content\">\n                    <h2  class=\"h3 \">Field trips<\/h2 >\n                                        <div class=\"push-t-xs-25 wysiwyg\">\n                        <p class=\"p1\"><span dir=\"ltr\" role=\"presentation\">The Port of Qu\u00e9bec gives students from nearby schools the chance to <\/span><span dir=\"ltr\" role=\"presentation\">enjoy immersive educational experiences. Whether they\u2019re learning <\/span><span dir=\"ltr\" role=\"presentation\">through the Flot school program or trying honey-making activities with <\/span><span dir=\"ltr\" role=\"presentation\">Alv\u00e9ole, the Port of Qu\u00e9bec gives kids the chance to explore their <\/span><span dir=\"ltr\" role=\"presentation\">natural surroundings and learn about water, biodiversity, and the <\/span><span dir=\"ltr\" role=\"presentation\">marine world.<\/span><\/p>\n\n                    <\/div>\n                                                                <div class=\"push-t-xs-10 push-t-md-40\">\n                            <a href=\"https:\/\/www.portquebec.ca\/en\/communities\/what-to-do-at-the-port-of-quebec\/\" class=\"button button--link-blue\">\n                                <span>What to Do in the Port of Qu\u00e9bec<\/span>\n                            <\/a>\n                        <\/div>\n                                    <\/div>\n            <\/div>\n        <\/div>\n    \n\n<div class=\"item block-contact component-block-contact\">\n\t<div class=\"container container--large\">\n\t\t<div class=\"block-contact__inner\">\n\t\t\t<div class=\"row\">\n\t\t\t\t<div class=\"col-xs-12 col-md-5\">\n\t\t\t\t\t<h2 class=\"h3\">A Listening Ear<\/h2>\n\t\t\t\t\t\t\t\t\t<\/div>\n\n\t\t\t\t\t\t\t\t\t\t\t\t\t<div class=\"col-xs-12 col-md-7 col-lg-6 col-lg-offset-1 push-t-xs-40 push-t-md-reset\">\n\t\t\t\t\t\t<div class=\"\">\n\t\t\t\t\t\t\t\t\t\t\t\t\t\t<div>\n\t\t\t\t\t\t\t\t\t\t\t\t\t\t\t\t\t<h3 class=\"h4 push-b-xs-15\">Florence Bisson<\/h3>\n\t\t\t\t\t\t\t\t\n\t\t\t\t\t\t\t\t\t\t\t\t\t\t\t\t\t<div class=\"block-contact__roles\">\n\t\t\t\t\t\t\t\t\t\t\t\t\t\t\t\t\t\t\t\t\t<p>Conseill\u00e8re, Relations communaut\u00e9s<\/p>\n\t\t\t\t\t\t\t\t\t\t\t\t\t\t\t\t\t\t\t<\/div>\n\t\t\t\t\t\t\t\t\n\t\t\t\t\t\t\t\t\t\t\t\t\t\t\t\t\t<div>\n\t\t\t\t\t\t\t\t\t\t<a href=\"mailto:581-443-6616\" class=\"block-contact__email\">\n\t\t\t\t\t\t\t\t\t\t\t<svg aria-hidden=\"true\" focusable=\"false\">\n\t\t\t\t\t\t\t\t\t\t\t\t<use xlink:href=\"#ico-envelope\"><\/use>\n\t\t\t\t\t\t\t\t\t\t\t<\/svg>\n\t\t\t\t\t\t\t\t\t\t\t<span>581-443-6616<\/span>\n\t\t\t\t\t\t\t\t\t\t<\/a>\n\t\t\t\t\t\t\t\t\t<\/div>\n\t\t\t\t\t\t\t\t\n\t\t\t\t\t\t\t\t\t\t\t\t\t\t\t<\/div>\n\t\t\t\t\t\t<\/div>\n\t\t\t\t\t<\/div>\n\t\t\t\t\t\t\t<\/div>\n\t\t<\/div>\n\t<\/div>\n<\/div>\n","protected":false},"excerpt":{"rendered":"Every year, the Port of Qu\u00e9bec gives more than $500,000 back to the community in the form of donations, sponsorships, funding for civic initiatives, projects, and public activities. In addition to our charity work, we have supported major public events like: By supporting these events, the Port of Qu\u00e9bec is helping our community thrive and [&hellip;]","protected":false},"author":1,"featured_media":0,"parent":2822,"menu_order":4,"comment_status":"closed","ping_status":"closed","template":"","meta":{"_acf_changed":false,"footnotes":""},"class_list":["post-2826","page","type-page","status-publish","hentry"],"acf":[],"yoast_head":"<!-- This site is optimized with the Yoast SEO plugin v26.5 - https:\/\/yoast.com\/wordpress\/plugins\/seo\/ -->\n<title>Social engagement - Port of Quebec<\/title>\n<meta name=\"robots\" content=\"index, follow, max-snippet:-1, max-image-preview:large, max-video-preview:-1\" \/>\n<link rel=\"canonical\" href=\"https:\/\/www.portquebec.ca\/en\/communities\/social-engagement\/\" \/>\n<meta property=\"og:locale\" content=\"en_US\" \/>\n<meta property=\"og:type\" content=\"article\" \/>\n<meta property=\"og:title\" content=\"Social engagement - Port of Quebec\" \/>\n<meta property=\"og:description\" content=\"Every year, the Port of Qu\u00e9bec gives more than $500,000 back to the community in the form of donations, sponsorships, funding for civic initiatives, projects, and public activities. In addition to our charity work, we have supported major public events like: By supporting these events, the Port of Qu\u00e9bec is helping our community thrive and [&hellip;]\" \/>\n<meta property=\"og:url\" content=\"https:\/\/www.portquebec.ca\/en\/communities\/social-engagement\/\" \/>\n<meta property=\"og:site_name\" content=\"Port of Quebec\" \/>\n<meta property=\"article:modified_time\" content=\"2024-12-02T16:49:49+00:00\" \/>\n<meta property=\"og:image\" content=\"https:\/\/www.portquebec.ca\/wp-content\/uploads\/2024\/12\/Slogan_illustration-scaled.jpg\" \/>\n\t<meta property=\"og:image:width\" content=\"2560\" \/>\n\t<meta property=\"og:image:height\" content=\"1463\" \/>\n\t<meta property=\"og:image:type\" content=\"image\/jpeg\" \/>\n<meta name=\"twitter:card\" content=\"summary_large_image\" \/>\n<meta name=\"twitter:label1\" content=\"Est. reading time\" \/>\n\t<meta name=\"twitter:data1\" content=\"1 minute\" \/>\n<script type=\"application\/ld+json\" class=\"yoast-schema-graph\">{\"@context\":\"https:\/\/schema.org\",\"@graph\":[{\"@type\":\"WebPage\",\"@id\":\"https:\/\/www.portquebec.ca\/en\/communities\/social-engagement\/\",\"url\":\"https:\/\/www.portquebec.ca\/en\/communities\/social-engagement\/\",\"name\":\"Social engagement - Port of Quebec\",\"isPartOf\":{\"@id\":\"https:\/\/www.portquebec.ca\/#website\"},\"datePublished\":\"2024-06-26T12:13:09+00:00\",\"dateModified\":\"2024-12-02T16:49:49+00:00\",\"breadcrumb\":{\"@id\":\"https:\/\/www.portquebec.ca\/en\/communities\/social-engagement\/#breadcrumb\"},\"inLanguage\":\"en-US\",\"potentialAction\":[{\"@type\":\"ReadAction\",\"target\":[\"https:\/\/www.portquebec.ca\/en\/communities\/social-engagement\/\"]}]},{\"@type\":\"BreadcrumbList\",\"@id\":\"https:\/\/www.portquebec.ca\/en\/communities\/social-engagement\/#breadcrumb\",\"itemListElement\":[{\"@type\":\"ListItem\",\"position\":1,\"name\":\"Home\",\"item\":\"https:\/\/www.portquebec.ca\/en\/\"},{\"@type\":\"ListItem\",\"position\":2,\"name\":\"Communities\",\"item\":\"https:\/\/www.portquebec.ca\/en\/communities\/\"},{\"@type\":\"ListItem\",\"position\":3,\"name\":\"Social engagement\"}]},{\"@type\":\"WebSite\",\"@id\":\"https:\/\/www.portquebec.ca\/#website\",\"url\":\"https:\/\/www.portquebec.ca\/\",\"name\":\"Port of Quebec\",\"description\":\"Un site qui traite du Port de Qu\u00e9bec\",\"publisher\":{\"@id\":\"https:\/\/www.portquebec.ca\/#organization\"},\"alternateName\":\"APQ\",\"potentialAction\":[{\"@type\":\"SearchAction\",\"target\":{\"@type\":\"EntryPoint\",\"urlTemplate\":\"https:\/\/www.portquebec.ca\/?s={search_term_string}\"},\"query-input\":{\"@type\":\"PropertyValueSpecification\",\"valueRequired\":true,\"valueName\":\"search_term_string\"}}],\"inLanguage\":\"en-US\"},{\"@type\":\"Organization\",\"@id\":\"https:\/\/www.portquebec.ca\/#organization\",\"name\":\"Port of Quebec\",\"url\":\"https:\/\/www.portquebec.ca\/\",\"logo\":{\"@type\":\"ImageObject\",\"inLanguage\":\"en-US\",\"@id\":\"https:\/\/www.portquebec.ca\/#\/schema\/logo\/image\/\",\"url\":\"https:\/\/www.portquebec.ca\/wp-content\/uploads\/2024\/12\/android-chrome-512x512-1.png\",\"contentUrl\":\"https:\/\/www.portquebec.ca\/wp-content\/uploads\/2024\/12\/android-chrome-512x512-1.png\",\"width\":512,\"height\":512,\"caption\":\"Port of Quebec\"},\"image\":{\"@id\":\"https:\/\/www.portquebec.ca\/#\/schema\/logo\/image\/\"}}]}<\/script>\n<!-- \/ Yoast SEO plugin. -->","yoast_head_json":{"title":"Social engagement - Port of Quebec","robots":{"index":"index","follow":"follow","max-snippet":"max-snippet:-1","max-image-preview":"max-image-preview:large","max-video-preview":"max-video-preview:-1"},"canonical":"https:\/\/www.portquebec.ca\/en\/communities\/social-engagement\/","og_locale":"en_US","og_type":"article","og_title":"Social engagement - Port of Quebec","og_description":"Every year, the Port of Qu\u00e9bec gives more than $500,000 back to the community in the form of donations, sponsorships, funding for civic initiatives, projects, and public activities. In addition to our charity work, we have supported major public events like: By supporting these events, the Port of Qu\u00e9bec is helping our community thrive and [&hellip;]","og_url":"https:\/\/www.portquebec.ca\/en\/communities\/social-engagement\/","og_site_name":"Port of Quebec","article_modified_time":"2024-12-02T16:49:49+00:00","og_image":[{"width":2560,"height":1463,"url":"https:\/\/www.portquebec.ca\/wp-content\/uploads\/2024\/12\/Slogan_illustration-scaled.jpg","type":"image\/jpeg"}],"twitter_card":"summary_large_image","twitter_misc":{"Est. reading time":"1 minute"},"schema":{"@context":"https:\/\/schema.org","@graph":[{"@type":"WebPage","@id":"https:\/\/www.portquebec.ca\/en\/communities\/social-engagement\/","url":"https:\/\/www.portquebec.ca\/en\/communities\/social-engagement\/","name":"Social engagement - Port of Quebec","isPartOf":{"@id":"https:\/\/www.portquebec.ca\/#website"},"datePublished":"2024-06-26T12:13:09+00:00","dateModified":"2024-12-02T16:49:49+00:00","breadcrumb":{"@id":"https:\/\/www.portquebec.ca\/en\/communities\/social-engagement\/#breadcrumb"},"inLanguage":"en-US","potentialAction":[{"@type":"ReadAction","target":["https:\/\/www.portquebec.ca\/en\/communities\/social-engagement\/"]}]},{"@type":"BreadcrumbList","@id":"https:\/\/www.portquebec.ca\/en\/communities\/social-engagement\/#breadcrumb","itemListElement":[{"@type":"ListItem","position":1,"name":"Home","item":"https:\/\/www.portquebec.ca\/en\/"},{"@type":"ListItem","position":2,"name":"Communities","item":"https:\/\/www.portquebec.ca\/en\/communities\/"},{"@type":"ListItem","position":3,"name":"Social engagement"}]},{"@type":"WebSite","@id":"https:\/\/www.portquebec.ca\/#website","url":"https:\/\/www.portquebec.ca\/","name":"Port of Quebec","description":"Un site qui traite du Port de Qu\u00e9bec","publisher":{"@id":"https:\/\/www.portquebec.ca\/#organization"},"alternateName":"APQ","potentialAction":[{"@type":"SearchAction","target":{"@type":"EntryPoint","urlTemplate":"https:\/\/www.portquebec.ca\/?s={search_term_string}"},"query-input":{"@type":"PropertyValueSpecification","valueRequired":true,"valueName":"search_term_string"}}],"inLanguage":"en-US"},{"@type":"Organization","@id":"https:\/\/www.portquebec.ca\/#organization","name":"Port of Quebec","url":"https:\/\/www.portquebec.ca\/","logo":{"@type":"ImageObject","inLanguage":"en-US","@id":"https:\/\/www.portquebec.ca\/#\/schema\/logo\/image\/","url":"https:\/\/www.portquebec.ca\/wp-content\/uploads\/2024\/12\/android-chrome-512x512-1.png","contentUrl":"https:\/\/www.portquebec.ca\/wp-content\/uploads\/2024\/12\/android-chrome-512x512-1.png","width":512,"height":512,"caption":"Port of Quebec"},"image":{"@id":"https:\/\/www.portquebec.ca\/#\/schema\/logo\/image\/"}}]}},"_links":{"self":[{"href":"https:\/\/www.portquebec.ca\/en\/wp-json\/wp\/v2\/pages\/2826","targetHints":{"allow":["GET"]}}],"collection":[{"href":"https:\/\/www.portquebec.ca\/en\/wp-json\/wp\/v2\/pages"}],"about":[{"href":"https:\/\/www.portquebec.ca\/en\/wp-json\/wp\/v2\/types\/page"}],"author":[{"embeddable":true,"href":"https:\/\/www.portquebec.ca\/en\/wp-json\/wp\/v2\/users\/1"}],"replies":[{"embeddable":true,"href":"https:\/\/www.portquebec.ca\/en\/wp-json\/wp\/v2\/comments?post=2826"}],"version-history":[{"count":6,"href":"https:\/\/www.portquebec.ca\/en\/wp-json\/wp\/v2\/pages\/2826\/revisions"}],"predecessor-version":[{"id":4749,"href":"https:\/\/www.portquebec.ca\/en\/wp-json\/wp\/v2\/pages\/2826\/revisions\/4749"}],"up":[{"embeddable":true,"href":"https:\/\/www.portquebec.ca\/en\/wp-json\/wp\/v2\/pages\/2822"}],"wp:attachment":[{"href":"https:\/\/www.portquebec.ca\/en\/wp-json\/wp\/v2\/media?parent=2826"}],"curies":[{"name":"wp","href":"https:\/\/api.w.org\/{rel}","templated":true}]}}